{"id":1517,"date":"2021-09-04T08:18:13","date_gmt":"2021-09-04T06:18:13","guid":{"rendered":"https:\/\/isaotextile.com\/?page_id=1517"},"modified":"2021-10-04T09:21:45","modified_gmt":"2021-10-04T07:21:45","slug":"dialogue-de-plis","status":"publish","type":"page","link":"https:\/\/isaotextile.com\/index.php\/dialogue-de-plis\/","title":{"rendered":"Dialogue de plis"},"content":{"rendered":"\t\t<div data-elementor-type=\"wp-page\" data-elementor-id=\"1517\" class=\"elementor elementor-1517\">\n\t\t\t\t\t\t\t\t\t<section class=\"elementor-section elementor-top-section elementor-element elementor-element-1bc70d8 elementor-section-boxed elementor-section-height-default elementor-section-height-default\" data-id=\"1bc70d8\" data-element_type=\"section\">\n\t\t\t\t\t\t<div class=\"elementor-container elementor-column-gap-default\">\n\t\t\t\t\t<div class=\"elementor-column elementor-col-50 elementor-top-column elementor-element elementor-element-4e9ab3f\" data-id=\"4e9ab3f\" data-element_type=\"column\">\n\t\t\t<div class=\"elementor-widget-wrap elementor-element-populated\">\n\t\t\t\t\t\t\t\t<div class=\"elementor-element elementor-element-d2793b7 elementor-widget elementor-widget-heading\" data-id=\"d2793b7\" data-element_type=\"widget\" data-widget_type=\"heading.default\">\n\t\t\t\t<div class=\"elementor-widget-container\">\n\t\t\t<h2 class=\"elementor-heading-title elementor-size-large\">Dialogue de plis<\/h2>\t\t<\/div>\n\t\t\t\t<\/div>\n\t\t\t\t<div class=\"elementor-element elementor-element-2705185 elementor-widget elementor-widget-text-editor\" data-id=\"2705185\" data-element_type=\"widget\" data-widget_type=\"text-editor.default\">\n\t\t\t\t<div class=\"elementor-widget-container\">\n\t\t\t\t\t\t\t<p>Corps repli\u00e9 et d\u00e9pli\u00e9, ao\u00fbt 2021, histoire en cours<\/p><p>Comme dans la nature, le pli est le mouvement m\u00eame de la vie, son empreinte. Par une suite d&rsquo;absence et de pr\u00e9sence, le plis s&rsquo;ouvre, s&rsquo;\u00e9tire et lib\u00e8re le corps.<\/p>\t\t\t\t\t\t<\/div>\n\t\t\t\t<\/div>\n\t\t\t\t\t<\/div>\n\t\t<\/div>\n\t\t\t\t<div class=\"elementor-column elementor-col-50 elementor-top-column elementor-element elementor-element-701680a\" data-id=\"701680a\" data-element_type=\"column\">\n\t\t\t<div class=\"elementor-widget-wrap elementor-element-populated\">\n\t\t\t\t\t\t\t\t<div class=\"elementor-element elementor-element-26fe10a elementor-widget elementor-widget-video\" data-id=\"26fe10a\" data-element_type=\"widget\" data-settings=\"{&quot;youtube_url&quot;:&quot;https:\\\/\\\/youtu.be\\\/4n6B6WO7jR4&quot;,&quot;video_type&quot;:&quot;youtube&quot;,&quot;controls&quot;:&quot;yes&quot;}\" data-widget_type=\"video.default\">\n\t\t\t\t<div class=\"elementor-widget-container\">\n\t\t\t\t\t<div class=\"elementor-wrapper elementor-open-inline\">\n\t\t\t<div class=\"elementor-video\"><\/div>\t\t<\/div>\n\t\t\t\t<\/div>\n\t\t\t\t<\/div>\n\t\t\t\t\t<\/div>\n\t\t<\/div>\n\t\t\t\t\t\t\t<\/div>\n\t\t<\/section>\n\t\t\t\t<section class=\"elementor-section elementor-top-section elementor-element elementor-element-cbd9ac5 elementor-section-boxed elementor-section-height-default elementor-section-height-default\" data-id=\"cbd9ac5\" data-element_type=\"section\">\n\t\t\t\t\t\t<div class=\"elementor-container elementor-column-gap-default\">\n\t\t\t\t\t<div class=\"elementor-column elementor-col-100 elementor-top-column elementor-element elementor-element-0bd229a\" data-id=\"0bd229a\" data-element_type=\"column\">\n\t\t\t<div class=\"elementor-widget-wrap elementor-element-populated\">\n\t\t\t\t\t\t\t\t<div class=\"elementor-element elementor-element-6c7cfc9 elementor-widget elementor-widget-image-gallery\" data-id=\"6c7cfc9\" data-element_type=\"widget\" data-widget_type=\"image-gallery.default\">\n\t\t\t\t<div class=\"elementor-widget-container\">\n\t\t\t\t\t<div class=\"elementor-image-gallery\">\n\t\t\t<div id='gallery-1' class='gallery galleryid-1517 gallery-columns-4 gallery-size-thumbnail'><figure class='gallery-item'>\n\t\t\t<div class='gallery-icon portrait'>\n\t\t\t\t<a data-elementor-open-lightbox=\"yes\" data-elementor-lightbox-slideshow=\"6c7cfc9\" data-elementor-lightbox-title=\"N\u00b01\" data-e-action-hash=\"#elementor-action%3Aaction%3Dlightbox%26settings%3DeyJpZCI6MTU2OCwidXJsIjoiaHR0cHM6XC9cL2lzYW90ZXh0aWxlLmNvbVwvd3AtY29udGVudFwvdXBsb2Fkc1wvMjAyMVwvMTBcL0RTQ18wMDM3LXNjYWxlZC5qcGciLCJzbGlkZXNob3ciOiI2YzdjZmM5In0%3D\" href='https:\/\/isaotextile.com\/wp-content\/uploads\/2021\/10\/DSC_0037-scaled.jpg'><img loading=\"lazy\" decoding=\"async\" width=\"150\" height=\"150\" src=\"https:\/\/isaotextile.com\/wp-content\/uploads\/2021\/10\/DSC_0037-150x150.jpg\" class=\"attachment-thumbnail size-thumbnail\" alt=\"\" aria-describedby=\"gallery-1-1568\" srcset=\"https:\/\/isaotextile.com\/wp-content\/uploads\/2021\/10\/DSC_0037-150x150.jpg 150w, https:\/\/isaotextile.com\/wp-content\/uploads\/2021\/10\/DSC_0037-300x300.jpg 300w, https:\/\/isaotextile.com\/wp-content\/uploads\/2021\/10\/DSC_0037-100x100.jpg 100w\" sizes=\"auto, (max-width: 150px) 100vw, 150px\" \/><\/a>\n\t\t\t<\/div>\n\t\t\t\t<figcaption class='wp-caption-text gallery-caption' id='gallery-1-1568'>\n\t\t\t\tN\u00b01\n\t\t\t\t<\/figcaption><\/figure><figure class='gallery-item'>\n\t\t\t<div class='gallery-icon portrait'>\n\t\t\t\t<a data-elementor-open-lightbox=\"yes\" data-elementor-lightbox-slideshow=\"6c7cfc9\" data-elementor-lightbox-title=\"N\u00b01 ter\" data-e-action-hash=\"#elementor-action%3Aaction%3Dlightbox%26settings%3DeyJpZCI6MTU3NSwidXJsIjoiaHR0cHM6XC9cL2lzYW90ZXh0aWxlLmNvbVwvd3AtY29udGVudFwvdXBsb2Fkc1wvMjAyMVwvMTBcL0RTQ18wMDUyLXNjYWxlZC5qcGciLCJzbGlkZXNob3ciOiI2YzdjZmM5In0%3D\" href='https:\/\/isaotextile.com\/wp-content\/uploads\/2021\/10\/DSC_0052-scaled.jpg'><img loading=\"lazy\" decoding=\"async\" width=\"150\" height=\"150\" src=\"https:\/\/isaotextile.com\/wp-content\/uploads\/2021\/10\/DSC_0052-150x150.jpg\" class=\"attachment-thumbnail size-thumbnail\" alt=\"\" srcset=\"https:\/\/isaotextile.com\/wp-content\/uploads\/2021\/10\/DSC_0052-150x150.jpg 150w, https:\/\/isaotextile.com\/wp-content\/uploads\/2021\/10\/DSC_0052-300x300.jpg 300w, https:\/\/isaotextile.com\/wp-content\/uploads\/2021\/10\/DSC_0052-100x100.jpg 100w\" sizes=\"auto, (max-width: 150px) 100vw, 150px\" \/><\/a>\n\t\t\t<\/div><\/figure><figure class='gallery-item'>\n\t\t\t<div class='gallery-icon portrait'>\n\t\t\t\t<a data-elementor-open-lightbox=\"yes\" data-elementor-lightbox-slideshow=\"6c7cfc9\" data-elementor-lightbox-title=\"N\u00b01\" data-e-action-hash=\"#elementor-action%3Aaction%3Dlightbox%26settings%3DeyJpZCI6MTU3NCwidXJsIjoiaHR0cHM6XC9cL2lzYW90ZXh0aWxlLmNvbVwvd3AtY29udGVudFwvdXBsb2Fkc1wvMjAyMVwvMTBcL0RTQ18wMDQxLXNjYWxlZC5qcGciLCJzbGlkZXNob3ciOiI2YzdjZmM5In0%3D\" href='https:\/\/isaotextile.com\/wp-content\/uploads\/2021\/10\/DSC_0041-scaled.jpg'><img loading=\"lazy\" decoding=\"async\" width=\"150\" height=\"150\" src=\"https:\/\/isaotextile.com\/wp-content\/uploads\/2021\/10\/DSC_0041-150x150.jpg\" class=\"attachment-thumbnail size-thumbnail\" alt=\"\" srcset=\"https:\/\/isaotextile.com\/wp-content\/uploads\/2021\/10\/DSC_0041-150x150.jpg 150w, https:\/\/isaotextile.com\/wp-content\/uploads\/2021\/10\/DSC_0041-300x300.jpg 300w, https:\/\/isaotextile.com\/wp-content\/uploads\/2021\/10\/DSC_0041-100x100.jpg 100w\" sizes=\"auto, (max-width: 150px) 100vw, 150px\" \/><\/a>\n\t\t\t<\/div><\/figure><figure class='gallery-item'>\n\t\t\t<div class='gallery-icon landscape'>\n\t\t\t\t<a data-elementor-open-lightbox=\"yes\" data-elementor-lightbox-slideshow=\"6c7cfc9\" data-elementor-lightbox-title=\"N\u00b02\" data-e-action-hash=\"#elementor-action%3Aaction%3Dlightbox%26settings%3DeyJpZCI6MTU3MCwidXJsIjoiaHR0cHM6XC9cL2lzYW90ZXh0aWxlLmNvbVwvd3AtY29udGVudFwvdXBsb2Fkc1wvMjAyMVwvMTBcL0RTQ18wMDA1LXNjYWxlZC5qcGciLCJzbGlkZXNob3ciOiI2YzdjZmM5In0%3D\" href='https:\/\/isaotextile.com\/wp-content\/uploads\/2021\/10\/DSC_0005-scaled.jpg'><img loading=\"lazy\" decoding=\"async\" width=\"150\" height=\"150\" src=\"https:\/\/isaotextile.com\/wp-content\/uploads\/2021\/10\/DSC_0005-150x150.jpg\" class=\"attachment-thumbnail size-thumbnail\" alt=\"\" aria-describedby=\"gallery-1-1570\" srcset=\"https:\/\/isaotextile.com\/wp-content\/uploads\/2021\/10\/DSC_0005-150x150.jpg 150w, https:\/\/isaotextile.com\/wp-content\/uploads\/2021\/10\/DSC_0005-300x300.jpg 300w, https:\/\/isaotextile.com\/wp-content\/uploads\/2021\/10\/DSC_0005-100x100.jpg 100w\" sizes=\"auto, (max-width: 150px) 100vw, 150px\" \/><\/a>\n\t\t\t<\/div>\n\t\t\t\t<figcaption class='wp-caption-text gallery-caption' id='gallery-1-1570'>\n\t\t\t\tN\u00b02\n\t\t\t\t<\/figcaption><\/figure><figure class='gallery-item'>\n\t\t\t<div class='gallery-icon portrait'>\n\t\t\t\t<a data-elementor-open-lightbox=\"yes\" data-elementor-lightbox-slideshow=\"6c7cfc9\" data-elementor-lightbox-title=\"D\u00e9tail n\u00b02\" data-e-action-hash=\"#elementor-action%3Aaction%3Dlightbox%26settings%3DeyJpZCI6MTU3MiwidXJsIjoiaHR0cHM6XC9cL2lzYW90ZXh0aWxlLmNvbVwvd3AtY29udGVudFwvdXBsb2Fkc1wvMjAyMVwvMTBcL0RTQ18wMDI4LXNjYWxlZC5qcGciLCJzbGlkZXNob3ciOiI2YzdjZmM5In0%3D\" href='https:\/\/isaotextile.com\/wp-content\/uploads\/2021\/10\/DSC_0028-scaled.jpg'><img loading=\"lazy\" decoding=\"async\" width=\"150\" height=\"150\" src=\"https:\/\/isaotextile.com\/wp-content\/uploads\/2021\/10\/DSC_0028-150x150.jpg\" class=\"attachment-thumbnail size-thumbnail\" alt=\"\" srcset=\"https:\/\/isaotextile.com\/wp-content\/uploads\/2021\/10\/DSC_0028-150x150.jpg 150w, https:\/\/isaotextile.com\/wp-content\/uploads\/2021\/10\/DSC_0028-300x300.jpg 300w, https:\/\/isaotextile.com\/wp-content\/uploads\/2021\/10\/DSC_0028-100x100.jpg 100w\" sizes=\"auto, (max-width: 150px) 100vw, 150px\" \/><\/a>\n\t\t\t<\/div><\/figure><figure class='gallery-item'>\n\t\t\t<div class='gallery-icon landscape'>\n\t\t\t\t<a data-elementor-open-lightbox=\"yes\" data-elementor-lightbox-slideshow=\"6c7cfc9\" data-elementor-lightbox-title=\"N\u00b02 bis\" data-e-action-hash=\"#elementor-action%3Aaction%3Dlightbox%26settings%3DeyJpZCI6MTU3MSwidXJsIjoiaHR0cHM6XC9cL2lzYW90ZXh0aWxlLmNvbVwvd3AtY29udGVudFwvdXBsb2Fkc1wvMjAyMVwvMTBcL0RTQ18wMDEwLXNjYWxlZC5qcGciLCJzbGlkZXNob3ciOiI2YzdjZmM5In0%3D\" href='https:\/\/isaotextile.com\/wp-content\/uploads\/2021\/10\/DSC_0010-scaled.jpg'><img loading=\"lazy\" decoding=\"async\" width=\"150\" height=\"150\" src=\"https:\/\/isaotextile.com\/wp-content\/uploads\/2021\/10\/DSC_0010-150x150.jpg\" class=\"attachment-thumbnail size-thumbnail\" alt=\"\" srcset=\"https:\/\/isaotextile.com\/wp-content\/uploads\/2021\/10\/DSC_0010-150x150.jpg 150w, https:\/\/isaotextile.com\/wp-content\/uploads\/2021\/10\/DSC_0010-300x300.jpg 300w, https:\/\/isaotextile.com\/wp-content\/uploads\/2021\/10\/DSC_0010-100x100.jpg 100w\" sizes=\"auto, (max-width: 150px) 100vw, 150px\" \/><\/a>\n\t\t\t<\/div><\/figure>\n\t\t<\/div>\n\t\t<\/div>\n\t\t\t\t<\/div>\n\t\t\t\t<\/div>\n\t\t\t\t\t<\/div>\n\t\t<\/div>\n\t\t\t\t\t\t\t<\/div>\n\t\t<\/section>\n\t\t\t\t\t\t\t<\/div>\n\t\t","protected":false},"excerpt":{"rendered":"<p>Dialogue de plis Corps repli\u00e9 et d\u00e9pli\u00e9, ao\u00fbt 2021, histoire en cours Comme dans la nature, le pli est le mouvement m\u00eame de la vie, son empreinte. Par une suite d&rsquo;absence et de pr\u00e9sence, le plis s&rsquo;ouvre, s&rsquo;\u00e9tire et lib\u00e8re le corps. https:\/\/youtu.be\/4n6B6WO7jR4 N\u00b01 N\u00b02<\/p>\n","protected":false},"author":1,"featured_media":0,"parent":0,"menu_order":0,"comment_status":"closed","ping_status":"closed","template":"","meta":{"ocean_post_layout":"","ocean_both_sidebars_style":"","ocean_both_sidebars_content_width":0,"ocean_both_sidebars_sidebars_width":0,"ocean_sidebar":"0","ocean_second_sidebar":"0","ocean_disable_margins":"enable","ocean_add_body_class":"","ocean_shortcode_before_top_bar":"","ocean_shortcode_after_top_bar":"","ocean_shortcode_before_header":"","ocean_shortcode_after_header":"","ocean_has_shortcode":"","ocean_shortcode_after_title":"","ocean_shortcode_before_footer_widgets":"","ocean_shortcode_after_footer_widgets":"","ocean_shortcode_before_footer_bottom":"","ocean_shortcode_after_footer_bottom":"","ocean_display_top_bar":"default","ocean_display_header":"default","ocean_header_style":"","ocean_center_header_left_menu":"0","ocean_custom_header_template":"0","ocean_custom_logo":0,"ocean_custom_retina_logo":0,"ocean_custom_logo_max_width":0,"ocean_custom_logo_tablet_max_width":0,"ocean_custom_logo_mobile_max_width":0,"ocean_custom_logo_max_height":0,"ocean_custom_logo_tablet_max_height":0,"ocean_custom_logo_mobile_max_height":0,"ocean_header_custom_menu":"0","ocean_menu_typo_font_family":"0","ocean_menu_typo_font_subset":"","ocean_menu_typo_font_size":0,"ocean_menu_typo_font_size_tablet":0,"ocean_menu_typo_font_size_mobile":0,"ocean_menu_typo_font_size_unit":"px","ocean_menu_typo_font_weight":"","ocean_menu_typo_font_weight_tablet":"","ocean_menu_typo_font_weight_mobile":"","ocean_menu_typo_transform":"","ocean_menu_typo_transform_tablet":"","ocean_menu_typo_transform_mobile":"","ocean_menu_typo_line_height":0,"ocean_menu_typo_line_height_tablet":0,"ocean_menu_typo_line_height_mobile":0,"ocean_menu_typo_line_height_unit":"","ocean_menu_typo_spacing":0,"ocean_menu_typo_spacing_tablet":0,"ocean_menu_typo_spacing_mobile":0,"ocean_menu_typo_spacing_unit":"","ocean_menu_link_color":"","ocean_menu_link_color_hover":"","ocean_menu_link_color_active":"","ocean_menu_link_background":"","ocean_menu_link_hover_background":"","ocean_menu_link_active_background":"","ocean_menu_social_links_bg":"","ocean_menu_social_hover_links_bg":"","ocean_menu_social_links_color":"","ocean_menu_social_hover_links_color":"","ocean_disable_title":"default","ocean_disable_heading":"default","ocean_post_title":"","ocean_post_subheading":"","ocean_post_title_style":"","ocean_post_title_background_color":"","ocean_post_title_background":0,"ocean_post_title_bg_image_position":"","ocean_post_title_bg_image_attachment":"","ocean_post_title_bg_image_repeat":"","ocean_post_title_bg_image_size":"","ocean_post_title_height":0,"ocean_post_title_bg_overlay":0.5,"ocean_post_title_bg_overlay_color":"","ocean_disable_breadcrumbs":"default","ocean_breadcrumbs_color":"","ocean_breadcrumbs_separator_color":"","ocean_breadcrumbs_links_color":"","ocean_breadcrumbs_links_hover_color":"","ocean_display_footer_widgets":"default","ocean_display_footer_bottom":"default","ocean_custom_footer_template":"0","footnotes":""},"class_list":["post-1517","page","type-page","status-publish","hentry","entry","owp-thumbs-layout-horizontal","owp-btn-normal","owp-tabs-layout-horizontal","has-no-thumbnails","has-product-nav"],"jetpack_sharing_enabled":true,"_links":{"self":[{"href":"https:\/\/isaotextile.com\/index.php\/wp-json\/wp\/v2\/pages\/1517","targetHints":{"allow":["GET"]}}],"collection":[{"href":"https:\/\/isaotextile.com\/index.php\/wp-json\/wp\/v2\/pages"}],"about":[{"href":"https:\/\/isaotextile.com\/index.php\/wp-json\/wp\/v2\/types\/page"}],"author":[{"embeddable":true,"href":"https:\/\/isaotextile.com\/index.php\/wp-json\/wp\/v2\/users\/1"}],"replies":[{"embeddable":true,"href":"https:\/\/isaotextile.com\/index.php\/wp-json\/wp\/v2\/comments?post=1517"}],"version-history":[{"count":31,"href":"https:\/\/isaotextile.com\/index.php\/wp-json\/wp\/v2\/pages\/1517\/revisions"}],"predecessor-version":[{"id":1584,"href":"https:\/\/isaotextile.com\/index.php\/wp-json\/wp\/v2\/pages\/1517\/revisions\/1584"}],"wp:attachment":[{"href":"https:\/\/isaotextile.com\/index.php\/wp-json\/wp\/v2\/media?parent=1517"}],"curies":[{"name":"wp","href":"https:\/\/api.w.org\/{rel}","templated":true}]}}