{"id":1650,"date":"2022-01-30T08:27:33","date_gmt":"2022-01-30T07:27:33","guid":{"rendered":"https:\/\/isaotextile.com\/?page_id=1650"},"modified":"2022-03-17T18:24:01","modified_gmt":"2022-03-17T17:24:01","slug":"en-ebullition","status":"publish","type":"page","link":"https:\/\/isaotextile.com\/index.php\/en-ebullition\/","title":{"rendered":"En \u00e9bullition"},"content":{"rendered":"\t\t<div data-elementor-type=\"wp-page\" data-elementor-id=\"1650\" class=\"elementor elementor-1650\">\n\t\t\t\t\t\t\t\t\t<section class=\"elementor-section elementor-top-section elementor-element elementor-element-1d11790 elementor-section-height-full elementor-section-boxed elementor-section-height-default elementor-section-items-middle\" data-id=\"1d11790\" data-element_type=\"section\">\n\t\t\t\t\t\t<div class=\"elementor-container elementor-column-gap-default\">\n\t\t\t\t\t<div class=\"elementor-column elementor-col-50 elementor-top-column elementor-element elementor-element-6472565\" data-id=\"6472565\" data-element_type=\"column\">\n\t\t\t<div class=\"elementor-widget-wrap elementor-element-populated\">\n\t\t\t\t\t\t\t\t<div class=\"elementor-element elementor-element-5f3d64a elementor-widget elementor-widget-heading\" data-id=\"5f3d64a\" data-element_type=\"widget\" data-widget_type=\"heading.default\">\n\t\t\t\t<div class=\"elementor-widget-container\">\n\t\t\t<h2 class=\"elementor-heading-title elementor-size-default\">En \u00e9bullition...\n\n<\/h2>\t\t<\/div>\n\t\t\t\t<\/div>\n\t\t\t\t<div class=\"elementor-element elementor-element-a566d3c elementor-widget elementor-widget-heading\" data-id=\"a566d3c\" data-element_type=\"widget\" data-widget_type=\"heading.default\">\n\t\t\t\t<div class=\"elementor-widget-container\">\n\t\t\t<h2 class=\"elementor-heading-title elementor-size-default\">Histoire d'un cerveau bavard<\/h2>\t\t<\/div>\n\t\t\t\t<\/div>\n\t\t\t\t<div class=\"elementor-element elementor-element-96b3899 elementor-widget elementor-widget-text-editor\" data-id=\"96b3899\" data-element_type=\"widget\" data-widget_type=\"text-editor.default\">\n\t\t\t\t<div class=\"elementor-widget-container\">\n\t\t\t\t\t\t\t<p>\u00a0<\/p><p>\u00a0<\/p><p>A l\u2019int\u00e9rieur,<\/p><p>S\u2019\u00e9veille \u00e0 la fois une d\u00e9licieuse et \u00e9puisante arborescence,<\/p><p>O\u00f9 s\u2019entrechoquent ses pens\u00e9es, s\u2019empilent ses id\u00e9es,<\/p><p>Et o\u00f9 les sens exacerb\u00e9s envahissent son imaginaire.<\/p><p>\u00a0<\/p>\t\t\t\t\t\t<\/div>\n\t\t\t\t<\/div>\n\t\t\t\t\t<\/div>\n\t\t<\/div>\n\t\t\t\t<div class=\"elementor-column elementor-col-50 elementor-top-column elementor-element elementor-element-cb6d4c4\" data-id=\"cb6d4c4\" data-element_type=\"column\">\n\t\t\t<div class=\"elementor-widget-wrap elementor-element-populated\">\n\t\t\t\t\t\t\t\t<div class=\"elementor-element elementor-element-e86e318 elementor-widget elementor-widget-image\" data-id=\"e86e318\" data-element_type=\"widget\" data-widget_type=\"image.default\">\n\t\t\t\t<div class=\"elementor-widget-container\">\n\t\t\t\t\t\t\t\t\t\t\t\t\t\t\t<img loading=\"lazy\" decoding=\"async\" width=\"768\" height=\"1152\" src=\"https:\/\/isaotextile.com\/wp-content\/uploads\/2022\/01\/DSC_0001-Personnalise-768x1152.jpg\" class=\"attachment-medium_large size-medium_large wp-image-1670\" alt=\"\" srcset=\"https:\/\/isaotextile.com\/wp-content\/uploads\/2022\/01\/DSC_0001-Personnalise-768x1152.jpg 768w, https:\/\/isaotextile.com\/wp-content\/uploads\/2022\/01\/DSC_0001-Personnalise-200x300.jpg 200w, https:\/\/isaotextile.com\/wp-content\/uploads\/2022\/01\/DSC_0001-Personnalise-683x1024.jpg 683w, https:\/\/isaotextile.com\/wp-content\/uploads\/2022\/01\/DSC_0001-Personnalise-1024x1536.jpg 1024w, https:\/\/isaotextile.com\/wp-content\/uploads\/2022\/01\/DSC_0001-Personnalise-1365x2048.jpg 1365w, https:\/\/isaotextile.com\/wp-content\/uploads\/2022\/01\/DSC_0001-Personnalise-600x900.jpg 600w, https:\/\/isaotextile.com\/wp-content\/uploads\/2022\/01\/DSC_0001-Personnalise-scaled.jpg 1707w\" sizes=\"auto, (max-width: 768px) 100vw, 768px\" \/>\t\t\t\t\t\t\t\t\t\t\t\t\t\t\t<\/div>\n\t\t\t\t<\/div>\n\t\t\t\t\t<\/div>\n\t\t<\/div>\n\t\t\t\t\t\t\t<\/div>\n\t\t<\/section>\n\t\t\t\t<section class=\"elementor-section elementor-top-section elementor-element elementor-element-887ea4b elementor-section-boxed elementor-section-height-default elementor-section-height-default\" data-id=\"887ea4b\" data-element_type=\"section\">\n\t\t\t\t\t\t<div class=\"elementor-container elementor-column-gap-default\">\n\t\t\t\t\t<div class=\"elementor-column elementor-col-100 elementor-top-column elementor-element elementor-element-e622f78\" data-id=\"e622f78\" data-element_type=\"column\">\n\t\t\t<div class=\"elementor-widget-wrap elementor-element-populated\">\n\t\t\t\t\t\t\t\t<div class=\"elementor-element elementor-element-fd7715d elementor-widget elementor-widget-image-gallery\" data-id=\"fd7715d\" data-element_type=\"widget\" data-widget_type=\"image-gallery.default\">\n\t\t\t\t<div class=\"elementor-widget-container\">\n\t\t\t\t\t<div class=\"elementor-image-gallery\">\n\t\t\t<div id='gallery-1' class='gallery galleryid-1650 gallery-columns-4 gallery-size-thumbnail'><figure class='gallery-item'>\n\t\t\t<div class='gallery-icon portrait'>\n\t\t\t\t<a data-elementor-open-lightbox=\"yes\" data-elementor-lightbox-slideshow=\"fd7715d\" data-elementor-lightbox-title=\"Ebullition\" data-e-action-hash=\"#elementor-action%3Aaction%3Dlightbox%26settings%3DeyJpZCI6MTYxNSwidXJsIjoiaHR0cHM6XC9cL2lzYW90ZXh0aWxlLmNvbVwvd3AtY29udGVudFwvdXBsb2Fkc1wvMjAyMlwvMDFcL0RTQ18wMDI3eC1QZXJzb25uYWxpc2Utc2NhbGVkLmpwZyIsInNsaWRlc2hvdyI6ImZkNzcxNWQifQ%3D%3D\" href='https:\/\/isaotextile.com\/wp-content\/uploads\/2022\/01\/DSC_0027x-Personnalise-scaled.jpg'><img loading=\"lazy\" decoding=\"async\" width=\"150\" height=\"150\" src=\"https:\/\/isaotextile.com\/wp-content\/uploads\/2022\/01\/DSC_0027x-Personnalise-150x150.jpg\" class=\"attachment-thumbnail size-thumbnail\" alt=\"\" aria-describedby=\"gallery-1-1615\" srcset=\"https:\/\/isaotextile.com\/wp-content\/uploads\/2022\/01\/DSC_0027x-Personnalise-150x150.jpg 150w, https:\/\/isaotextile.com\/wp-content\/uploads\/2022\/01\/DSC_0027x-Personnalise-300x300.jpg 300w, https:\/\/isaotextile.com\/wp-content\/uploads\/2022\/01\/DSC_0027x-Personnalise-100x100.jpg 100w\" sizes=\"auto, (max-width: 150px) 100vw, 150px\" \/><\/a>\n\t\t\t<\/div>\n\t\t\t\t<figcaption class='wp-caption-text gallery-caption' id='gallery-1-1615'>\n\t\t\t\tEbullition\n\t\t\t\t<\/figcaption><\/figure><figure class='gallery-item'>\n\t\t\t<div class='gallery-icon portrait'>\n\t\t\t\t<a data-elementor-open-lightbox=\"yes\" data-elementor-lightbox-slideshow=\"fd7715d\" data-elementor-lightbox-title=\"Entrechoc\" data-e-action-hash=\"#elementor-action%3Aaction%3Dlightbox%26settings%3DeyJpZCI6MTYxNCwidXJsIjoiaHR0cHM6XC9cL2lzYW90ZXh0aWxlLmNvbVwvd3AtY29udGVudFwvdXBsb2Fkc1wvMjAyMlwvMDFcL0RTQ18wMDI2YS1QZXJzb25uYWxpc2Utc2NhbGVkLmpwZyIsInNsaWRlc2hvdyI6ImZkNzcxNWQifQ%3D%3D\" href='https:\/\/isaotextile.com\/wp-content\/uploads\/2022\/01\/DSC_0026a-Personnalise-scaled.jpg'><img loading=\"lazy\" decoding=\"async\" width=\"150\" height=\"150\" src=\"https:\/\/isaotextile.com\/wp-content\/uploads\/2022\/01\/DSC_0026a-Personnalise-150x150.jpg\" class=\"attachment-thumbnail size-thumbnail\" alt=\"\" aria-describedby=\"gallery-1-1614\" srcset=\"https:\/\/isaotextile.com\/wp-content\/uploads\/2022\/01\/DSC_0026a-Personnalise-150x150.jpg 150w, https:\/\/isaotextile.com\/wp-content\/uploads\/2022\/01\/DSC_0026a-Personnalise-300x300.jpg 300w, https:\/\/isaotextile.com\/wp-content\/uploads\/2022\/01\/DSC_0026a-Personnalise-100x100.jpg 100w\" sizes=\"auto, (max-width: 150px) 100vw, 150px\" \/><\/a>\n\t\t\t<\/div>\n\t\t\t\t<figcaption class='wp-caption-text gallery-caption' id='gallery-1-1614'>\n\t\t\t\tEntrechoc\n\t\t\t\t<\/figcaption><\/figure><figure class='gallery-item'>\n\t\t\t<div class='gallery-icon portrait'>\n\t\t\t\t<a data-elementor-open-lightbox=\"yes\" data-elementor-lightbox-slideshow=\"fd7715d\" data-elementor-lightbox-title=\"Ebullition et Entrechoc\" data-e-action-hash=\"#elementor-action%3Aaction%3Dlightbox%26settings%3DeyJpZCI6MTYxOSwidXJsIjoiaHR0cHM6XC9cL2lzYW90ZXh0aWxlLmNvbVwvd3AtY29udGVudFwvdXBsb2Fkc1wvMjAyMlwvMDFcL0RTQ18wMDQyLVBlcnNvbm5hbGlzZS1zY2FsZWQuanBnIiwic2xpZGVzaG93IjoiZmQ3NzE1ZCJ9\" href='https:\/\/isaotextile.com\/wp-content\/uploads\/2022\/01\/DSC_0042-Personnalise-scaled.jpg'><img loading=\"lazy\" decoding=\"async\" width=\"150\" height=\"150\" src=\"https:\/\/isaotextile.com\/wp-content\/uploads\/2022\/01\/DSC_0042-Personnalise-150x150.jpg\" class=\"attachment-thumbnail size-thumbnail\" alt=\"\" aria-describedby=\"gallery-1-1619\" srcset=\"https:\/\/isaotextile.com\/wp-content\/uploads\/2022\/01\/DSC_0042-Personnalise-150x150.jpg 150w, https:\/\/isaotextile.com\/wp-content\/uploads\/2022\/01\/DSC_0042-Personnalise-300x300.jpg 300w, https:\/\/isaotextile.com\/wp-content\/uploads\/2022\/01\/DSC_0042-Personnalise-100x100.jpg 100w\" sizes=\"auto, (max-width: 150px) 100vw, 150px\" \/><\/a>\n\t\t\t<\/div>\n\t\t\t\t<figcaption class='wp-caption-text gallery-caption' id='gallery-1-1619'>\n\t\t\t\tEbullition et Entrechoc\n\t\t\t\t<\/figcaption><\/figure><figure class='gallery-item'>\n\t\t\t<div class='gallery-icon portrait'>\n\t\t\t\t<a data-elementor-open-lightbox=\"yes\" data-elementor-lightbox-slideshow=\"fd7715d\" data-elementor-lightbox-title=\"Ebullition et Entrechoc\" data-e-action-hash=\"#elementor-action%3Aaction%3Dlightbox%26settings%3DeyJpZCI6MTYxOCwidXJsIjoiaHR0cHM6XC9cL2lzYW90ZXh0aWxlLmNvbVwvd3AtY29udGVudFwvdXBsb2Fkc1wvMjAyMlwvMDFcL0RTQ18wMDM5eC1QZXJzb25uYWxpc2Utc2NhbGVkLmpwZyIsInNsaWRlc2hvdyI6ImZkNzcxNWQifQ%3D%3D\" href='https:\/\/isaotextile.com\/wp-content\/uploads\/2022\/01\/DSC_0039x-Personnalise-scaled.jpg'><img loading=\"lazy\" decoding=\"async\" width=\"150\" height=\"150\" src=\"https:\/\/isaotextile.com\/wp-content\/uploads\/2022\/01\/DSC_0039x-Personnalise-150x150.jpg\" class=\"attachment-thumbnail size-thumbnail\" alt=\"\" aria-describedby=\"gallery-1-1618\" srcset=\"https:\/\/isaotextile.com\/wp-content\/uploads\/2022\/01\/DSC_0039x-Personnalise-150x150.jpg 150w, https:\/\/isaotextile.com\/wp-content\/uploads\/2022\/01\/DSC_0039x-Personnalise-300x300.jpg 300w, https:\/\/isaotextile.com\/wp-content\/uploads\/2022\/01\/DSC_0039x-Personnalise-100x100.jpg 100w\" sizes=\"auto, (max-width: 150px) 100vw, 150px\" \/><\/a>\n\t\t\t<\/div>\n\t\t\t\t<figcaption class='wp-caption-text gallery-caption' id='gallery-1-1618'>\n\t\t\t\tEbullition et Entrechoc\n\t\t\t\t<\/figcaption><\/figure><figure class='gallery-item'>\n\t\t\t<div class='gallery-icon portrait'>\n\t\t\t\t<a data-elementor-open-lightbox=\"yes\" data-elementor-lightbox-slideshow=\"fd7715d\" data-elementor-lightbox-title=\"Entrechoc d\u00e9tail\" data-e-action-hash=\"#elementor-action%3Aaction%3Dlightbox%26settings%3DeyJpZCI6MTYxNywidXJsIjoiaHR0cHM6XC9cL2lzYW90ZXh0aWxlLmNvbVwvd3AtY29udGVudFwvdXBsb2Fkc1wvMjAyMlwvMDFcL0RTQ18wMDM3eC1QZXJzb25uYWxpc2Utc2NhbGVkLmpwZyIsInNsaWRlc2hvdyI6ImZkNzcxNWQifQ%3D%3D\" href='https:\/\/isaotextile.com\/wp-content\/uploads\/2022\/01\/DSC_0037x-Personnalise-scaled.jpg'><img loading=\"lazy\" decoding=\"async\" width=\"150\" height=\"150\" src=\"https:\/\/isaotextile.com\/wp-content\/uploads\/2022\/01\/DSC_0037x-Personnalise-150x150.jpg\" class=\"attachment-thumbnail size-thumbnail\" alt=\"\" aria-describedby=\"gallery-1-1617\" srcset=\"https:\/\/isaotextile.com\/wp-content\/uploads\/2022\/01\/DSC_0037x-Personnalise-150x150.jpg 150w, https:\/\/isaotextile.com\/wp-content\/uploads\/2022\/01\/DSC_0037x-Personnalise-300x300.jpg 300w, https:\/\/isaotextile.com\/wp-content\/uploads\/2022\/01\/DSC_0037x-Personnalise-100x100.jpg 100w\" sizes=\"auto, (max-width: 150px) 100vw, 150px\" \/><\/a>\n\t\t\t<\/div>\n\t\t\t\t<figcaption class='wp-caption-text gallery-caption' id='gallery-1-1617'>\n\t\t\t\tEntrechoc d\u00e9tail\n\t\t\t\t<\/figcaption><\/figure><figure class='gallery-item'>\n\t\t\t<div class='gallery-icon portrait'>\n\t\t\t\t<a data-elementor-open-lightbox=\"yes\" data-elementor-lightbox-slideshow=\"fd7715d\" data-elementor-lightbox-title=\"All\u00e9gresse \/Effervescence\" data-e-action-hash=\"#elementor-action%3Aaction%3Dlightbox%26settings%3DeyJpZCI6MTYxMiwidXJsIjoiaHR0cHM6XC9cL2lzYW90ZXh0aWxlLmNvbVwvd3AtY29udGVudFwvdXBsb2Fkc1wvMjAyMlwvMDFcL0RTQ18wMDEybW4tUGVyc29ubmFsaXNlLXNjYWxlZC5qcGciLCJzbGlkZXNob3ciOiJmZDc3MTVkIn0%3D\" href='https:\/\/isaotextile.com\/wp-content\/uploads\/2022\/01\/DSC_0012mn-Personnalise-scaled.jpg'><img loading=\"lazy\" decoding=\"async\" width=\"150\" height=\"150\" src=\"https:\/\/isaotextile.com\/wp-content\/uploads\/2022\/01\/DSC_0012mn-Personnalise-150x150.jpg\" class=\"attachment-thumbnail size-thumbnail\" alt=\"\" aria-describedby=\"gallery-1-1612\" srcset=\"https:\/\/isaotextile.com\/wp-content\/uploads\/2022\/01\/DSC_0012mn-Personnalise-150x150.jpg 150w, https:\/\/isaotextile.com\/wp-content\/uploads\/2022\/01\/DSC_0012mn-Personnalise-300x300.jpg 300w, https:\/\/isaotextile.com\/wp-content\/uploads\/2022\/01\/DSC_0012mn-Personnalise-100x100.jpg 100w\" sizes=\"auto, (max-width: 150px) 100vw, 150px\" \/><\/a>\n\t\t\t<\/div>\n\t\t\t\t<figcaption class='wp-caption-text gallery-caption' id='gallery-1-1612'>\n\t\t\t\tAll\u00e9gresse \/Effervescence\n\t\t\t\t<\/figcaption><\/figure><figure class='gallery-item'>\n\t\t\t<div class='gallery-icon portrait'>\n\t\t\t\t<a data-elementor-open-lightbox=\"yes\" data-elementor-lightbox-slideshow=\"fd7715d\" data-elementor-lightbox-title=\"Effervescence \/ All\u00e9gresse\" data-e-action-hash=\"#elementor-action%3Aaction%3Dlightbox%26settings%3DeyJpZCI6MTYxNiwidXJsIjoiaHR0cHM6XC9cL2lzYW90ZXh0aWxlLmNvbVwvd3AtY29udGVudFwvdXBsb2Fkc1wvMjAyMlwvMDFcL0RTQ18wMDI4cy1QZXJzb25uYWxpc2Utc2NhbGVkLmpwZyIsInNsaWRlc2hvdyI6ImZkNzcxNWQifQ%3D%3D\" href='https:\/\/isaotextile.com\/wp-content\/uploads\/2022\/01\/DSC_0028s-Personnalise-scaled.jpg'><img loading=\"lazy\" decoding=\"async\" width=\"150\" height=\"150\" src=\"https:\/\/isaotextile.com\/wp-content\/uploads\/2022\/01\/DSC_0028s-Personnalise-150x150.jpg\" class=\"attachment-thumbnail size-thumbnail\" alt=\"\" aria-describedby=\"gallery-1-1616\" srcset=\"https:\/\/isaotextile.com\/wp-content\/uploads\/2022\/01\/DSC_0028s-Personnalise-150x150.jpg 150w, https:\/\/isaotextile.com\/wp-content\/uploads\/2022\/01\/DSC_0028s-Personnalise-300x300.jpg 300w, https:\/\/isaotextile.com\/wp-content\/uploads\/2022\/01\/DSC_0028s-Personnalise-100x100.jpg 100w\" sizes=\"auto, (max-width: 150px) 100vw, 150px\" \/><\/a>\n\t\t\t<\/div>\n\t\t\t\t<figcaption class='wp-caption-text gallery-caption' id='gallery-1-1616'>\n\t\t\t\tEffervescence \/ All\u00e9gresse\n\t\t\t\t<\/figcaption><\/figure><figure class='gallery-item'>\n\t\t\t<div class='gallery-icon portrait'>\n\t\t\t\t<a data-elementor-open-lightbox=\"yes\" data-elementor-lightbox-slideshow=\"fd7715d\" data-elementor-lightbox-title=\"D\u00e9tail All\u00e9gresse\" data-e-action-hash=\"#elementor-action%3Aaction%3Dlightbox%26settings%3DeyJpZCI6MTYxMywidXJsIjoiaHR0cHM6XC9cL2lzYW90ZXh0aWxlLmNvbVwvd3AtY29udGVudFwvdXBsb2Fkc1wvMjAyMlwvMDFcL0RTQ18wMDIyLVBlcnNvbm5hbGlzZS1zY2FsZWQuanBnIiwic2xpZGVzaG93IjoiZmQ3NzE1ZCJ9\" href='https:\/\/isaotextile.com\/wp-content\/uploads\/2022\/01\/DSC_0022-Personnalise-scaled.jpg'><img loading=\"lazy\" decoding=\"async\" width=\"150\" height=\"150\" src=\"https:\/\/isaotextile.com\/wp-content\/uploads\/2022\/01\/DSC_0022-Personnalise-150x150.jpg\" class=\"attachment-thumbnail size-thumbnail\" alt=\"\" aria-describedby=\"gallery-1-1613\" srcset=\"https:\/\/isaotextile.com\/wp-content\/uploads\/2022\/01\/DSC_0022-Personnalise-150x150.jpg 150w, https:\/\/isaotextile.com\/wp-content\/uploads\/2022\/01\/DSC_0022-Personnalise-300x300.jpg 300w, https:\/\/isaotextile.com\/wp-content\/uploads\/2022\/01\/DSC_0022-Personnalise-100x100.jpg 100w\" sizes=\"auto, (max-width: 150px) 100vw, 150px\" \/><\/a>\n\t\t\t<\/div>\n\t\t\t\t<figcaption class='wp-caption-text gallery-caption' id='gallery-1-1613'>\n\t\t\t\tD\u00e9tail All\u00e9gresse\n\t\t\t\t<\/figcaption><\/figure><figure class='gallery-item'>\n\t\t\t<div class='gallery-icon portrait'>\n\t\t\t\t<a data-elementor-open-lightbox=\"yes\" data-elementor-lightbox-slideshow=\"fd7715d\" data-elementor-lightbox-title=\"Arborescence\" data-e-action-hash=\"#elementor-action%3Aaction%3Dlightbox%26settings%3DeyJpZCI6MTcwMCwidXJsIjoiaHR0cHM6XC9cL2lzYW90ZXh0aWxlLmNvbVwvd3AtY29udGVudFwvdXBsb2Fkc1wvMjAyMlwvMDNcL0FyYm9yZXNjZW5jZS1tYXJzLTIwMjItc2NhbGVkLmpwZyIsInNsaWRlc2hvdyI6ImZkNzcxNWQifQ%3D%3D\" href='https:\/\/isaotextile.com\/wp-content\/uploads\/2022\/03\/Arborescence-mars-2022-scaled.jpg'><img loading=\"lazy\" decoding=\"async\" width=\"150\" height=\"150\" src=\"https:\/\/isaotextile.com\/wp-content\/uploads\/2022\/03\/Arborescence-mars-2022-150x150.jpg\" class=\"attachment-thumbnail size-thumbnail\" alt=\"\" aria-describedby=\"gallery-1-1700\" srcset=\"https:\/\/isaotextile.com\/wp-content\/uploads\/2022\/03\/Arborescence-mars-2022-150x150.jpg 150w, https:\/\/isaotextile.com\/wp-content\/uploads\/2022\/03\/Arborescence-mars-2022-300x300.jpg 300w, https:\/\/isaotextile.com\/wp-content\/uploads\/2022\/03\/Arborescence-mars-2022-100x100.jpg 100w\" sizes=\"auto, (max-width: 150px) 100vw, 150px\" \/><\/a>\n\t\t\t<\/div>\n\t\t\t\t<figcaption class='wp-caption-text gallery-caption' id='gallery-1-1700'>\n\t\t\t\tArborescence\n\t\t\t\t<\/figcaption><\/figure><figure class='gallery-item'>\n\t\t\t<div class='gallery-icon portrait'>\n\t\t\t\t<a data-elementor-open-lightbox=\"yes\" data-elementor-lightbox-slideshow=\"fd7715d\" data-elementor-lightbox-title=\"D\u00e9tail arborescence\" data-e-action-hash=\"#elementor-action%3Aaction%3Dlightbox%26settings%3DeyJpZCI6MTcwMiwidXJsIjoiaHR0cHM6XC9cL2lzYW90ZXh0aWxlLmNvbVwvd3AtY29udGVudFwvdXBsb2Fkc1wvMjAyMlwvMDNcL0RTQ18wMTYwLXNjYWxlZC5qcGciLCJzbGlkZXNob3ciOiJmZDc3MTVkIn0%3D\" href='https:\/\/isaotextile.com\/wp-content\/uploads\/2022\/03\/DSC_0160-scaled.jpg'><img loading=\"lazy\" decoding=\"async\" width=\"150\" height=\"150\" src=\"https:\/\/isaotextile.com\/wp-content\/uploads\/2022\/03\/DSC_0160-150x150.jpg\" class=\"attachment-thumbnail size-thumbnail\" alt=\"\" aria-describedby=\"gallery-1-1702\" srcset=\"https:\/\/isaotextile.com\/wp-content\/uploads\/2022\/03\/DSC_0160-150x150.jpg 150w, https:\/\/isaotextile.com\/wp-content\/uploads\/2022\/03\/DSC_0160-300x300.jpg 300w, https:\/\/isaotextile.com\/wp-content\/uploads\/2022\/03\/DSC_0160-100x100.jpg 100w\" sizes=\"auto, (max-width: 150px) 100vw, 150px\" \/><\/a>\n\t\t\t<\/div>\n\t\t\t\t<figcaption class='wp-caption-text gallery-caption' id='gallery-1-1702'>\n\t\t\t\tD\u00e9tail arborescence\n\t\t\t\t<\/figcaption><\/figure>\n\t\t<\/div>\n\t\t<\/div>\n\t\t\t\t<\/div>\n\t\t\t\t<\/div>\n\t\t\t\t\t<\/div>\n\t\t<\/div>\n\t\t\t\t\t\t\t<\/div>\n\t\t<\/section>\n\t\t\t\t\t\t\t<\/div>\n\t\t","protected":false},"excerpt":{"rendered":"<p>En \u00e9bullition&#8230; Histoire d&rsquo;un cerveau bavard \u00a0 \u00a0 A l\u2019int\u00e9rieur, S\u2019\u00e9veille \u00e0 la fois une d\u00e9licieuse et \u00e9puisante arborescence, O\u00f9 s\u2019entrechoquent ses pens\u00e9es, s\u2019empilent ses id\u00e9es, Et o\u00f9 les sens exacerb\u00e9s envahissent son imaginaire. \u00a0 Ebullition Entrechoc Ebullition et Entrechoc Ebullition et Entrechoc Entrechoc d\u00e9tail All\u00e9gresse \/Effervescence Effervescence \/ All\u00e9gresse D\u00e9tail All\u00e9gresse Arborescence D\u00e9tail arborescence<\/p>\n","protected":false},"author":1,"featured_media":0,"parent":0,"menu_order":0,"comment_status":"closed","ping_status":"closed","template":"","meta":{"ocean_post_layout":"","ocean_both_sidebars_style":"","ocean_both_sidebars_content_width":0,"ocean_both_sidebars_sidebars_width":0,"ocean_sidebar":"0","ocean_second_sidebar":"0","ocean_disable_margins":"enable","ocean_add_body_class":"","ocean_shortcode_before_top_bar":"","ocean_shortcode_after_top_bar":"","ocean_shortcode_before_header":"","ocean_shortcode_after_header":"","ocean_has_shortcode":"","ocean_shortcode_after_title":"","ocean_shortcode_before_footer_widgets":"","ocean_shortcode_after_footer_widgets":"","ocean_shortcode_before_footer_bottom":"","ocean_shortcode_after_footer_bottom":"","ocean_display_top_bar":"default","ocean_display_header":"default","ocean_header_style":"","ocean_center_header_left_menu":"0","ocean_custom_header_template":"0","ocean_custom_logo":0,"ocean_custom_retina_logo":0,"ocean_custom_logo_max_width":0,"ocean_custom_logo_tablet_max_width":0,"ocean_custom_logo_mobile_max_width":0,"ocean_custom_logo_max_height":0,"ocean_custom_logo_tablet_max_height":0,"ocean_custom_logo_mobile_max_height":0,"ocean_header_custom_menu":"0","ocean_menu_typo_font_family":"0","ocean_menu_typo_font_subset":"","ocean_menu_typo_font_size":0,"ocean_menu_typo_font_size_tablet":0,"ocean_menu_typo_font_size_mobile":0,"ocean_menu_typo_font_size_unit":"px","ocean_menu_typo_font_weight":"","ocean_menu_typo_font_weight_tablet":"","ocean_menu_typo_font_weight_mobile":"","ocean_menu_typo_transform":"","ocean_menu_typo_transform_tablet":"","ocean_menu_typo_transform_mobile":"","ocean_menu_typo_line_height":0,"ocean_menu_typo_line_height_tablet":0,"ocean_menu_typo_line_height_mobile":0,"ocean_menu_typo_line_height_unit":"","ocean_menu_typo_spacing":0,"ocean_menu_typo_spacing_tablet":0,"ocean_menu_typo_spacing_mobile":0,"ocean_menu_typo_spacing_unit":"","ocean_menu_link_color":"","ocean_menu_link_color_hover":"","ocean_menu_link_color_active":"","ocean_menu_link_background":"","ocean_menu_link_hover_background":"","ocean_menu_link_active_background":"","ocean_menu_social_links_bg":"","ocean_menu_social_hover_links_bg":"","ocean_menu_social_links_color":"","ocean_menu_social_hover_links_color":"","ocean_disable_title":"default","ocean_disable_heading":"default","ocean_post_title":"","ocean_post_subheading":"","ocean_post_title_style":"","ocean_post_title_background_color":"","ocean_post_title_background":0,"ocean_post_title_bg_image_position":"","ocean_post_title_bg_image_attachment":"","ocean_post_title_bg_image_repeat":"","ocean_post_title_bg_image_size":"","ocean_post_title_height":0,"ocean_post_title_bg_overlay":0.5,"ocean_post_title_bg_overlay_color":"","ocean_disable_breadcrumbs":"default","ocean_breadcrumbs_color":"","ocean_breadcrumbs_separator_color":"","ocean_breadcrumbs_links_color":"","ocean_breadcrumbs_links_hover_color":"","ocean_display_footer_widgets":"default","ocean_display_footer_bottom":"default","ocean_custom_footer_template":"0","footnotes":""},"class_list":["post-1650","page","type-page","status-publish","hentry","entry","owp-thumbs-layout-horizontal","owp-btn-normal","owp-tabs-layout-horizontal","has-no-thumbnails","has-product-nav"],"jetpack_sharing_enabled":true,"_links":{"self":[{"href":"https:\/\/isaotextile.com\/index.php\/wp-json\/wp\/v2\/pages\/1650","targetHints":{"allow":["GET"]}}],"collection":[{"href":"https:\/\/isaotextile.com\/index.php\/wp-json\/wp\/v2\/pages"}],"about":[{"href":"https:\/\/isaotextile.com\/index.php\/wp-json\/wp\/v2\/types\/page"}],"author":[{"embeddable":true,"href":"https:\/\/isaotextile.com\/index.php\/wp-json\/wp\/v2\/users\/1"}],"replies":[{"embeddable":true,"href":"https:\/\/isaotextile.com\/index.php\/wp-json\/wp\/v2\/comments?post=1650"}],"version-history":[{"count":47,"href":"https:\/\/isaotextile.com\/index.php\/wp-json\/wp\/v2\/pages\/1650\/revisions"}],"predecessor-version":[{"id":1711,"href":"https:\/\/isaotextile.com\/index.php\/wp-json\/wp\/v2\/pages\/1650\/revisions\/1711"}],"wp:attachment":[{"href":"https:\/\/isaotextile.com\/index.php\/wp-json\/wp\/v2\/media?parent=1650"}],"curies":[{"name":"wp","href":"https:\/\/api.w.org\/{rel}","templated":true}]}}