{"id":2151,"date":"2023-12-07T11:05:17","date_gmt":"2023-12-07T10:05:17","guid":{"rendered":"https:\/\/isaotextile.com\/?page_id=2151"},"modified":"2024-05-13T18:56:02","modified_gmt":"2024-05-13T16:56:02","slug":"les-liens-silencieux","status":"publish","type":"page","link":"https:\/\/isaotextile.com\/index.php\/les-liens-silencieux\/","title":{"rendered":"Les liens silencieux"},"content":{"rendered":"\t\t<div data-elementor-type=\"wp-page\" data-elementor-id=\"2151\" class=\"elementor elementor-2151\">\n\t\t\t\t\t\t\t\t\t<section class=\"elementor-section elementor-top-section elementor-element elementor-element-4d43d0b elementor-section-boxed elementor-section-height-default elementor-section-height-default\" data-id=\"4d43d0b\" data-element_type=\"section\">\n\t\t\t\t\t\t<div class=\"elementor-container elementor-column-gap-default\">\n\t\t\t\t\t<div class=\"elementor-column elementor-col-50 elementor-top-column elementor-element elementor-element-b45ec6b\" data-id=\"b45ec6b\" data-element_type=\"column\">\n\t\t\t<div class=\"elementor-widget-wrap elementor-element-populated\">\n\t\t\t\t\t\t\t\t<div class=\"elementor-element elementor-element-e7974e6 elementor-widget elementor-widget-heading\" data-id=\"e7974e6\" data-element_type=\"widget\" data-widget_type=\"heading.default\">\n\t\t\t\t<div class=\"elementor-widget-container\">\n\t\t\t<h2 class=\"elementor-heading-title elementor-size-medium\">Les liens silencieux, 2024<\/h2>\t\t<\/div>\n\t\t\t\t<\/div>\n\t\t\t\t<div class=\"elementor-element elementor-element-6a140b0 elementor-widget elementor-widget-text-editor\" data-id=\"6a140b0\" data-element_type=\"widget\" data-widget_type=\"text-editor.default\">\n\t\t\t\t<div class=\"elementor-widget-container\">\n\t\t\t\t\t\t\t<p>Les liens silencieux s&rsquo;inspirent de belles rencontres v\u00eacues,<\/p><p>La premi\u00e8re avec une danseuse But\u00f4, mouvement, lenteur, grace; la deuxi\u00e8me est une rencontre avec une artiste textile aujourd&rsquo;hui d\u00e9c\u00e9d\u00e9e \u00e0 travers une oeuvre que l&rsquo;on m&rsquo;a offerte, mettre en volume sa broderie, un travail \u00e0 \u00ab\u00a04 mains\u00a0\u00bb.<\/p><p>Tout part d&rsquo;une \u00e9motion visuelle, une bouff\u00e9e d&rsquo;oxyg\u00e8ne qui va nourrir ma cr\u00e9ation.<\/p><ol><li><em>En mouvement<\/em><\/li><\/ol>\t\t\t\t\t\t<\/div>\n\t\t\t\t<\/div>\n\t\t\t\t\t<\/div>\n\t\t<\/div>\n\t\t\t\t<div class=\"elementor-column elementor-col-50 elementor-top-column elementor-element elementor-element-8f3d574\" data-id=\"8f3d574\" data-element_type=\"column\">\n\t\t\t<div class=\"elementor-widget-wrap elementor-element-populated\">\n\t\t\t\t\t\t\t\t<div class=\"elementor-element elementor-element-852c0d3 elementor-widget elementor-widget-image\" data-id=\"852c0d3\" data-element_type=\"widget\" data-widget_type=\"image.default\">\n\t\t\t\t<div class=\"elementor-widget-container\">\n\t\t\t\t\t\t\t\t\t\t\t\t<figure class=\"wp-caption\">\n\t\t\t\t\t\t\t\t\t\t<img loading=\"lazy\" decoding=\"async\" width=\"716\" height=\"1024\" src=\"https:\/\/isaotextile.com\/wp-content\/uploads\/2023\/12\/Les-liens-silencieux-n\u00b01-716x1024.jpg\" class=\"attachment-large size-large wp-image-2141\" alt=\"\" srcset=\"https:\/\/isaotextile.com\/wp-content\/uploads\/2023\/12\/Les-liens-silencieux-n\u00b01-716x1024.jpg 716w, https:\/\/isaotextile.com\/wp-content\/uploads\/2023\/12\/Les-liens-silencieux-n\u00b01-210x300.jpg 210w, https:\/\/isaotextile.com\/wp-content\/uploads\/2023\/12\/Les-liens-silencieux-n\u00b01-768x1098.jpg 768w, https:\/\/isaotextile.com\/wp-content\/uploads\/2023\/12\/Les-liens-silencieux-n\u00b01-1074x1536.jpg 1074w, https:\/\/isaotextile.com\/wp-content\/uploads\/2023\/12\/Les-liens-silencieux-n\u00b01-1432x2048.jpg 1432w, https:\/\/isaotextile.com\/wp-content\/uploads\/2023\/12\/Les-liens-silencieux-n\u00b01-600x858.jpg 600w, https:\/\/isaotextile.com\/wp-content\/uploads\/2023\/12\/Les-liens-silencieux-n\u00b01-scaled.jpg 1791w\" sizes=\"auto, (max-width: 716px) 100vw, 716px\" \/>\t\t\t\t\t\t\t\t\t\t\t<figcaption class=\"widget-image-caption wp-caption-text\">Les liens silencieux-N\u00b01-100\/68\/20 cm<\/figcaption>\n\t\t\t\t\t\t\t\t\t\t<\/figure>\n\t\t\t\t\t\t\t\t\t<\/div>\n\t\t\t\t<\/div>\n\t\t\t\t<div class=\"elementor-element elementor-element-a2fb3b4 elementor-widget elementor-widget-heading\" data-id=\"a2fb3b4\" data-element_type=\"widget\" data-widget_type=\"heading.default\">\n\t\t\t\t<div class=\"elementor-widget-container\">\n\t\t\t<h2 class=\"elementor-heading-title elementor-size-large\">\n\n\n<\/h2>\t\t<\/div>\n\t\t\t\t<\/div>\n\t\t\t\t\t<\/div>\n\t\t<\/div>\n\t\t\t\t\t\t\t<\/div>\n\t\t<\/section>\n\t\t\t\t<section class=\"elementor-section elementor-top-section elementor-element elementor-element-3c68817 elementor-section-boxed elementor-section-height-default elementor-section-height-default\" data-id=\"3c68817\" data-element_type=\"section\">\n\t\t\t\t\t\t<div class=\"elementor-container elementor-column-gap-default\">\n\t\t\t\t\t<div class=\"elementor-column elementor-col-100 elementor-top-column elementor-element elementor-element-7f79e4e\" data-id=\"7f79e4e\" data-element_type=\"column\">\n\t\t\t<div class=\"elementor-widget-wrap elementor-element-populated\">\n\t\t\t\t\t\t\t\t<div class=\"elementor-element elementor-element-8c22afb elementor-widget elementor-widget-image-gallery\" data-id=\"8c22afb\" data-element_type=\"widget\" data-widget_type=\"image-gallery.default\">\n\t\t\t\t<div class=\"elementor-widget-container\">\n\t\t\t\t\t<div class=\"elementor-image-gallery\">\n\t\t\t<div id='gallery-1' class='gallery galleryid-2151 gallery-columns-4 gallery-size-thumbnail'><figure class='gallery-item'>\n\t\t\t<div class='gallery-icon portrait'>\n\t\t\t\t<a data-elementor-open-lightbox=\"yes\" data-elementor-lightbox-slideshow=\"8c22afb\" data-elementor-lightbox-title=\"Les liens silencieux-2-805025 cm\" data-e-action-hash=\"#elementor-action%3Aaction%3Dlightbox%26settings%3DeyJpZCI6MjA5MSwidXJsIjoiaHR0cHM6XC9cL2lzYW90ZXh0aWxlLmNvbVwvd3AtY29udGVudFwvdXBsb2Fkc1wvMjAyM1wvMTJcL0xlcy1saWVucy1zaWxlbmNpZXV4LTItODA1MDI1LWNtLXNjYWxlZC5qcGciLCJzbGlkZXNob3ciOiI4YzIyYWZiIn0%3D\" href='https:\/\/isaotextile.com\/wp-content\/uploads\/2023\/12\/Les-liens-silencieux-2-805025-cm-scaled.jpg'><img loading=\"lazy\" decoding=\"async\" width=\"150\" height=\"150\" src=\"https:\/\/isaotextile.com\/wp-content\/uploads\/2023\/12\/Les-liens-silencieux-2-805025-cm-150x150.jpg\" class=\"attachment-thumbnail size-thumbnail\" alt=\"\" aria-describedby=\"gallery-1-2091\" srcset=\"https:\/\/isaotextile.com\/wp-content\/uploads\/2023\/12\/Les-liens-silencieux-2-805025-cm-150x150.jpg 150w, https:\/\/isaotextile.com\/wp-content\/uploads\/2023\/12\/Les-liens-silencieux-2-805025-cm-600x600.jpg 600w, https:\/\/isaotextile.com\/wp-content\/uploads\/2023\/12\/Les-liens-silencieux-2-805025-cm-300x300.jpg 300w, https:\/\/isaotextile.com\/wp-content\/uploads\/2023\/12\/Les-liens-silencieux-2-805025-cm-100x100.jpg 100w\" sizes=\"auto, (max-width: 150px) 100vw, 150px\" \/><\/a>\n\t\t\t<\/div>\n\t\t\t\t<figcaption class='wp-caption-text gallery-caption' id='gallery-1-2091'>\n\t\t\t\tLes liens silencieux-En mouvement- N\u00b0 2-80\/50\/25 cm\n\t\t\t\t<\/figcaption><\/figure><figure class='gallery-item'>\n\t\t\t<div class='gallery-icon portrait'>\n\t\t\t\t<a data-elementor-open-lightbox=\"yes\" data-elementor-lightbox-slideshow=\"8c22afb\" data-elementor-lightbox-title=\"Les liens silencieux n\u00b03- nov 2023-215,34,28cm-crin,jute,fil de ferb\" data-e-action-hash=\"#elementor-action%3Aaction%3Dlightbox%26settings%3DeyJpZCI6MjA5MywidXJsIjoiaHR0cHM6XC9cL2lzYW90ZXh0aWxlLmNvbVwvd3AtY29udGVudFwvdXBsb2Fkc1wvMjAyM1wvMTJcL0xlcy1saWVucy1zaWxlbmNpZXV4LW5cdTAwYjAzLW5vdi0yMDIzLTIxNTM0MjhjbS1jcmluanV0ZWZpbC1kZS1mZXJiLXNjYWxlZC5qcGciLCJzbGlkZXNob3ciOiI4YzIyYWZiIn0%3D\" href='https:\/\/isaotextile.com\/wp-content\/uploads\/2023\/12\/Les-liens-silencieux-n\u00b03-nov-2023-2153428cm-crinjutefil-de-ferb-scaled.jpg'><img loading=\"lazy\" decoding=\"async\" width=\"150\" height=\"150\" src=\"https:\/\/isaotextile.com\/wp-content\/uploads\/2023\/12\/Les-liens-silencieux-n\u00b03-nov-2023-2153428cm-crinjutefil-de-ferb-150x150.jpg\" class=\"attachment-thumbnail size-thumbnail\" alt=\"\" aria-describedby=\"gallery-1-2093\" srcset=\"https:\/\/isaotextile.com\/wp-content\/uploads\/2023\/12\/Les-liens-silencieux-n\u00b03-nov-2023-2153428cm-crinjutefil-de-ferb-150x150.jpg 150w, https:\/\/isaotextile.com\/wp-content\/uploads\/2023\/12\/Les-liens-silencieux-n\u00b03-nov-2023-2153428cm-crinjutefil-de-ferb-600x600.jpg 600w, https:\/\/isaotextile.com\/wp-content\/uploads\/2023\/12\/Les-liens-silencieux-n\u00b03-nov-2023-2153428cm-crinjutefil-de-ferb-300x300.jpg 300w, https:\/\/isaotextile.com\/wp-content\/uploads\/2023\/12\/Les-liens-silencieux-n\u00b03-nov-2023-2153428cm-crinjutefil-de-ferb-100x100.jpg 100w\" sizes=\"auto, (max-width: 150px) 100vw, 150px\" \/><\/a>\n\t\t\t<\/div>\n\t\t\t\t<figcaption class='wp-caption-text gallery-caption' id='gallery-1-2093'>\n\t\t\t\tLes liens silencieux-En mouvement&#8211;N\u00b03-215\/34\/28 cm\n\t\t\t\t<\/figcaption><\/figure><figure class='gallery-item'>\n\t\t\t<div class='gallery-icon portrait'>\n\t\t\t\t<a data-elementor-open-lightbox=\"yes\" data-elementor-lightbox-slideshow=\"8c22afb\" data-elementor-lightbox-title=\"Isao-Les liens silencieux n\u00b04-650\u20ac-d\u00e9c 23-200,42,30 cm-Coupe et assemblage-Crin,jute,fil de fer\" data-e-action-hash=\"#elementor-action%3Aaction%3Dlightbox%26settings%3DeyJpZCI6MjIxMiwidXJsIjoiaHR0cHM6XC9cL2lzYW90ZXh0aWxlLmNvbVwvd3AtY29udGVudFwvdXBsb2Fkc1wvMjAyNFwvMDFcL0lzYW8tTGVzLWxpZW5zLXNpbGVuY2lldXgtblx1MDBiMDQtNjUwRS1kZWMtMjMtMjAwNDIzMC1jbS1Db3VwZS1ldC1hc3NlbWJsYWdlLUNyaW5qdXRlZmlsLWRlLWZlci1zY2FsZWQuanBnIiwic2xpZGVzaG93IjoiOGMyMmFmYiJ9\" href='https:\/\/isaotextile.com\/wp-content\/uploads\/2024\/01\/Isao-Les-liens-silencieux-n\u00b04-650E-dec-23-2004230-cm-Coupe-et-assemblage-Crinjutefil-de-fer-scaled.jpg'><img loading=\"lazy\" decoding=\"async\" width=\"150\" height=\"150\" src=\"https:\/\/isaotextile.com\/wp-content\/uploads\/2024\/01\/Isao-Les-liens-silencieux-n\u00b04-650E-dec-23-2004230-cm-Coupe-et-assemblage-Crinjutefil-de-fer-150x150.jpg\" class=\"attachment-thumbnail size-thumbnail\" alt=\"\" aria-describedby=\"gallery-1-2212\" srcset=\"https:\/\/isaotextile.com\/wp-content\/uploads\/2024\/01\/Isao-Les-liens-silencieux-n\u00b04-650E-dec-23-2004230-cm-Coupe-et-assemblage-Crinjutefil-de-fer-150x150.jpg 150w, https:\/\/isaotextile.com\/wp-content\/uploads\/2024\/01\/Isao-Les-liens-silencieux-n\u00b04-650E-dec-23-2004230-cm-Coupe-et-assemblage-Crinjutefil-de-fer-600x600.jpg 600w, https:\/\/isaotextile.com\/wp-content\/uploads\/2024\/01\/Isao-Les-liens-silencieux-n\u00b04-650E-dec-23-2004230-cm-Coupe-et-assemblage-Crinjutefil-de-fer-300x300.jpg 300w, https:\/\/isaotextile.com\/wp-content\/uploads\/2024\/01\/Isao-Les-liens-silencieux-n\u00b04-650E-dec-23-2004230-cm-Coupe-et-assemblage-Crinjutefil-de-fer-100x100.jpg 100w\" sizes=\"auto, (max-width: 150px) 100vw, 150px\" \/><\/a>\n\t\t\t<\/div>\n\t\t\t\t<figcaption class='wp-caption-text gallery-caption' id='gallery-1-2212'>\n\t\t\t\tLes liens silencieux-En mouvement N\u00b04-200\/42\/30 cm\n\t\t\t\t<\/figcaption><\/figure><figure class='gallery-item'>\n\t\t\t<div class='gallery-icon portrait'>\n\t\t\t\t<a data-elementor-open-lightbox=\"yes\" data-elementor-lightbox-slideshow=\"8c22afb\" data-elementor-lightbox-title=\"Les liens silencieux-65,35,25cm\" data-e-action-hash=\"#elementor-action%3Aaction%3Dlightbox%26settings%3DeyJpZCI6MjIyMSwidXJsIjoiaHR0cHM6XC9cL2lzYW90ZXh0aWxlLmNvbVwvd3AtY29udGVudFwvdXBsb2Fkc1wvMjAyNFwvMDFcL0xlcy1saWVucy1zaWxlbmNpZXV4LTY1MzUyNWNtLXNjYWxlZC5qcGciLCJzbGlkZXNob3ciOiI4YzIyYWZiIn0%3D\" href='https:\/\/isaotextile.com\/wp-content\/uploads\/2024\/01\/Les-liens-silencieux-653525cm-scaled.jpg'><img loading=\"lazy\" decoding=\"async\" width=\"150\" height=\"150\" src=\"https:\/\/isaotextile.com\/wp-content\/uploads\/2024\/01\/Les-liens-silencieux-653525cm-150x150.jpg\" class=\"attachment-thumbnail size-thumbnail\" alt=\"\" aria-describedby=\"gallery-1-2221\" srcset=\"https:\/\/isaotextile.com\/wp-content\/uploads\/2024\/01\/Les-liens-silencieux-653525cm-150x150.jpg 150w, https:\/\/isaotextile.com\/wp-content\/uploads\/2024\/01\/Les-liens-silencieux-653525cm-600x600.jpg 600w, https:\/\/isaotextile.com\/wp-content\/uploads\/2024\/01\/Les-liens-silencieux-653525cm-300x300.jpg 300w, https:\/\/isaotextile.com\/wp-content\/uploads\/2024\/01\/Les-liens-silencieux-653525cm-100x100.jpg 100w\" sizes=\"auto, (max-width: 150px) 100vw, 150px\" \/><\/a>\n\t\t\t<\/div>\n\t\t\t\t<figcaption class='wp-caption-text gallery-caption' id='gallery-1-2221'>\n\t\t\t\tLes liens silencieux-En mouvement N\u00b05-65,35,25 cm\n\t\t\t\t<\/figcaption><\/figure><figure class='gallery-item'>\n\t\t\t<div class='gallery-icon portrait'>\n\t\t\t\t<a data-elementor-open-lightbox=\"yes\" data-elementor-lightbox-slideshow=\"8c22afb\" data-elementor-lightbox-title=\"DSC_0090\" data-e-action-hash=\"#elementor-action%3Aaction%3Dlightbox%26settings%3DeyJpZCI6MjI1OCwidXJsIjoiaHR0cHM6XC9cL2lzYW90ZXh0aWxlLmNvbVwvd3AtY29udGVudFwvdXBsb2Fkc1wvMjAyNFwvMDVcL0RTQ18wMDkwLXNjYWxlZC5qcGciLCJzbGlkZXNob3ciOiI4YzIyYWZiIn0%3D\" href='https:\/\/isaotextile.com\/wp-content\/uploads\/2024\/05\/DSC_0090-scaled.jpg'><img loading=\"lazy\" decoding=\"async\" width=\"150\" height=\"150\" src=\"https:\/\/isaotextile.com\/wp-content\/uploads\/2024\/05\/DSC_0090-150x150.jpg\" class=\"attachment-thumbnail size-thumbnail\" alt=\"\" aria-describedby=\"gallery-1-2258\" srcset=\"https:\/\/isaotextile.com\/wp-content\/uploads\/2024\/05\/DSC_0090-150x150.jpg 150w, https:\/\/isaotextile.com\/wp-content\/uploads\/2024\/05\/DSC_0090-600x600.jpg 600w, https:\/\/isaotextile.com\/wp-content\/uploads\/2024\/05\/DSC_0090-300x300.jpg 300w, https:\/\/isaotextile.com\/wp-content\/uploads\/2024\/05\/DSC_0090-100x100.jpg 100w\" sizes=\"auto, (max-width: 150px) 100vw, 150px\" \/><\/a>\n\t\t\t<\/div>\n\t\t\t\t<figcaption class='wp-caption-text gallery-caption' id='gallery-1-2258'>\n\t\t\t\tLes liens silencieux-En mouvement n\u00b06\n\t\t\t\t<\/figcaption><\/figure><figure class='gallery-item'>\n\t\t\t<div class='gallery-icon portrait'>\n\t\t\t\t<a data-elementor-open-lightbox=\"yes\" data-elementor-lightbox-slideshow=\"8c22afb\" data-elementor-lightbox-title=\"DSC_0070\" data-e-action-hash=\"#elementor-action%3Aaction%3Dlightbox%26settings%3DeyJpZCI6MjI1NywidXJsIjoiaHR0cHM6XC9cL2lzYW90ZXh0aWxlLmNvbVwvd3AtY29udGVudFwvdXBsb2Fkc1wvMjAyNFwvMDVcL0RTQ18wMDcwLXNjYWxlZC5qcGciLCJzbGlkZXNob3ciOiI4YzIyYWZiIn0%3D\" href='https:\/\/isaotextile.com\/wp-content\/uploads\/2024\/05\/DSC_0070-scaled.jpg'><img loading=\"lazy\" decoding=\"async\" width=\"150\" height=\"150\" src=\"https:\/\/isaotextile.com\/wp-content\/uploads\/2024\/05\/DSC_0070-150x150.jpg\" class=\"attachment-thumbnail size-thumbnail\" alt=\"\" aria-describedby=\"gallery-1-2257\" srcset=\"https:\/\/isaotextile.com\/wp-content\/uploads\/2024\/05\/DSC_0070-150x150.jpg 150w, https:\/\/isaotextile.com\/wp-content\/uploads\/2024\/05\/DSC_0070-600x600.jpg 600w, https:\/\/isaotextile.com\/wp-content\/uploads\/2024\/05\/DSC_0070-300x300.jpg 300w, https:\/\/isaotextile.com\/wp-content\/uploads\/2024\/05\/DSC_0070-100x100.jpg 100w\" sizes=\"auto, (max-width: 150px) 100vw, 150px\" \/><\/a>\n\t\t\t<\/div>\n\t\t\t\t<figcaption class='wp-caption-text gallery-caption' id='gallery-1-2257'>\n\t\t\t\tLes liens silencieux-En mouvement n\u00b07-\n\t\t\t\t<\/figcaption><\/figure>\n\t\t<\/div>\n\t\t<\/div>\n\t\t\t\t<\/div>\n\t\t\t\t<\/div>\n\t\t\t\t\t<\/div>\n\t\t<\/div>\n\t\t\t\t\t\t\t<\/div>\n\t\t<\/section>\n\t\t\t\t<section class=\"elementor-section elementor-top-section elementor-element elementor-element-1484a24 elementor-section-boxed elementor-section-height-default elementor-section-height-default\" data-id=\"1484a24\" data-element_type=\"section\">\n\t\t\t\t\t\t<div class=\"elementor-container elementor-column-gap-default\">\n\t\t\t\t\t<div class=\"elementor-column elementor-col-50 elementor-top-column elementor-element elementor-element-2c24f3c\" data-id=\"2c24f3c\" data-element_type=\"column\">\n\t\t\t<div class=\"elementor-widget-wrap elementor-element-populated\">\n\t\t\t\t\t\t\t\t<div class=\"elementor-element elementor-element-9854d5a elementor-widget elementor-widget-text-editor\" data-id=\"9854d5a\" data-element_type=\"widget\" data-widget_type=\"text-editor.default\">\n\t\t\t\t<div class=\"elementor-widget-container\">\n\t\t\t\t\t\t\t<p>2. <em>R\u00e9silience<\/em><\/p>\t\t\t\t\t\t<\/div>\n\t\t\t\t<\/div>\n\t\t\t\t\t<\/div>\n\t\t<\/div>\n\t\t\t\t<div class=\"elementor-column elementor-col-50 elementor-top-column elementor-element elementor-element-d48ac0e\" data-id=\"d48ac0e\" data-element_type=\"column\">\n\t\t\t<div class=\"elementor-widget-wrap elementor-element-populated\">\n\t\t\t\t\t\t\t\t<div class=\"elementor-element elementor-element-0c6484b elementor-widget elementor-widget-image\" data-id=\"0c6484b\" data-element_type=\"widget\" data-widget_type=\"image.default\">\n\t\t\t\t<div class=\"elementor-widget-container\">\n\t\t\t\t\t\t\t\t\t\t\t\t<figure class=\"wp-caption\">\n\t\t\t\t\t\t\t\t\t\t<img loading=\"lazy\" decoding=\"async\" width=\"768\" height=\"1242\" src=\"https:\/\/isaotextile.com\/wp-content\/uploads\/2024\/05\/Isao-Resilience-Fev-2024-6677cm-768x1242.jpg\" class=\"attachment-medium_large size-medium_large wp-image-2260\" alt=\"\" srcset=\"https:\/\/isaotextile.com\/wp-content\/uploads\/2024\/05\/Isao-Resilience-Fev-2024-6677cm-768x1242.jpg 768w, https:\/\/isaotextile.com\/wp-content\/uploads\/2024\/05\/Isao-Resilience-Fev-2024-6677cm-185x300.jpg 185w, https:\/\/isaotextile.com\/wp-content\/uploads\/2024\/05\/Isao-Resilience-Fev-2024-6677cm-633x1024.jpg 633w, https:\/\/isaotextile.com\/wp-content\/uploads\/2024\/05\/Isao-Resilience-Fev-2024-6677cm-949x1536.jpg 949w, https:\/\/isaotextile.com\/wp-content\/uploads\/2024\/05\/Isao-Resilience-Fev-2024-6677cm-1266x2048.jpg 1266w, https:\/\/isaotextile.com\/wp-content\/uploads\/2024\/05\/Isao-Resilience-Fev-2024-6677cm-600x971.jpg 600w, https:\/\/isaotextile.com\/wp-content\/uploads\/2024\/05\/Isao-Resilience-Fev-2024-6677cm-scaled.jpg 1582w\" sizes=\"auto, (max-width: 768px) 100vw, 768px\" \/>\t\t\t\t\t\t\t\t\t\t\t<figcaption class=\"widget-image-caption wp-caption-text\">Les liens silencieux-R\u00e9silience n\u00b01-6,6,77 cm<\/figcaption>\n\t\t\t\t\t\t\t\t\t\t<\/figure>\n\t\t\t\t\t\t\t\t\t<\/div>\n\t\t\t\t<\/div>\n\t\t\t\t\t<\/div>\n\t\t<\/div>\n\t\t\t\t\t\t\t<\/div>\n\t\t<\/section>\n\t\t\t\t<section class=\"elementor-section elementor-top-section elementor-element elementor-element-2def344 elementor-section-boxed elementor-section-height-default elementor-section-height-default\" data-id=\"2def344\" data-element_type=\"section\">\n\t\t\t\t\t\t<div class=\"elementor-container elementor-column-gap-default\">\n\t\t\t\t\t<div class=\"elementor-column elementor-col-100 elementor-top-column elementor-element elementor-element-0a17f24\" data-id=\"0a17f24\" data-element_type=\"column\">\n\t\t\t<div class=\"elementor-widget-wrap elementor-element-populated\">\n\t\t\t\t\t\t\t\t\t<\/div>\n\t\t<\/div>\n\t\t\t\t\t\t\t<\/div>\n\t\t<\/section>\n\t\t\t\t\t\t\t<\/div>\n\t\t","protected":false},"excerpt":{"rendered":"<p>Les liens silencieux, 2024 Les liens silencieux s&rsquo;inspirent de belles rencontres v\u00eacues, La premi\u00e8re avec une danseuse But\u00f4, mouvement, lenteur, grace; la deuxi\u00e8me est une rencontre avec une artiste textile aujourd&rsquo;hui d\u00e9c\u00e9d\u00e9e \u00e0 travers une oeuvre que l&rsquo;on m&rsquo;a offerte, mettre en volume sa broderie, un travail \u00e0 \u00ab\u00a04 mains\u00a0\u00bb. Tout part d&rsquo;une \u00e9motion visuelle, [&hellip;]<\/p>\n","protected":false},"author":1,"featured_media":0,"parent":0,"menu_order":0,"comment_status":"closed","ping_status":"closed","template":"","meta":{"ocean_post_layout":"","ocean_both_sidebars_style":"","ocean_both_sidebars_content_width":0,"ocean_both_sidebars_sidebars_width":0,"ocean_sidebar":"","ocean_second_sidebar":"","ocean_disable_margins":"enable","ocean_add_body_class":"","ocean_shortcode_before_top_bar":"","ocean_shortcode_after_top_bar":"","ocean_shortcode_before_header":"","ocean_shortcode_after_header":"","ocean_has_shortcode":"","ocean_shortcode_after_title":"","ocean_shortcode_before_footer_widgets":"","ocean_shortcode_after_footer_widgets":"","ocean_shortcode_before_footer_bottom":"","ocean_shortcode_after_footer_bottom":"","ocean_display_top_bar":"default","ocean_display_header":"default","ocean_header_style":"","ocean_center_header_left_menu":"","ocean_custom_header_template":"","ocean_custom_logo":0,"ocean_custom_retina_logo":0,"ocean_custom_logo_max_width":0,"ocean_custom_logo_tablet_max_width":0,"ocean_custom_logo_mobile_max_width":0,"ocean_custom_logo_max_height":0,"ocean_custom_logo_tablet_max_height":0,"ocean_custom_logo_mobile_max_height":0,"ocean_header_custom_menu":"","ocean_menu_typo_font_family":"","ocean_menu_typo_font_subset":"","ocean_menu_typo_font_size":0,"ocean_menu_typo_font_size_tablet":0,"ocean_menu_typo_font_size_mobile":0,"ocean_menu_typo_font_size_unit":"px","ocean_menu_typo_font_weight":"","ocean_menu_typo_font_weight_tablet":"","ocean_menu_typo_font_weight_mobile":"","ocean_menu_typo_transform":"","ocean_menu_typo_transform_tablet":"","ocean_menu_typo_transform_mobile":"","ocean_menu_typo_line_height":0,"ocean_menu_typo_line_height_tablet":0,"ocean_menu_typo_line_height_mobile":0,"ocean_menu_typo_line_height_unit":"","ocean_menu_typo_spacing":0,"ocean_menu_typo_spacing_tablet":0,"ocean_menu_typo_spacing_mobile":0,"ocean_menu_typo_spacing_unit":"","ocean_menu_link_color":"","ocean_menu_link_color_hover":"","ocean_menu_link_color_active":"","ocean_menu_link_background":"","ocean_menu_link_hover_background":"","ocean_menu_link_active_background":"","ocean_menu_social_links_bg":"","ocean_menu_social_hover_links_bg":"","ocean_menu_social_links_color":"","ocean_menu_social_hover_links_color":"","ocean_disable_title":"default","ocean_disable_heading":"default","ocean_post_title":"","ocean_post_subheading":"","ocean_post_title_style":"","ocean_post_title_background_color":"","ocean_post_title_background":0,"ocean_post_title_bg_image_position":"","ocean_post_title_bg_image_attachment":"","ocean_post_title_bg_image_repeat":"","ocean_post_title_bg_image_size":"","ocean_post_title_height":0,"ocean_post_title_bg_overlay":0.5,"ocean_post_title_bg_overlay_color":"","ocean_disable_breadcrumbs":"default","ocean_breadcrumbs_color":"","ocean_breadcrumbs_separator_color":"","ocean_breadcrumbs_links_color":"","ocean_breadcrumbs_links_hover_color":"","ocean_display_footer_widgets":"default","ocean_display_footer_bottom":"default","ocean_custom_footer_template":"","footnotes":""},"class_list":["post-2151","page","type-page","status-publish","hentry","entry","owp-thumbs-layout-horizontal","owp-btn-normal","owp-tabs-layout-horizontal","has-no-thumbnails","has-product-nav"],"jetpack_sharing_enabled":true,"_links":{"self":[{"href":"https:\/\/isaotextile.com\/index.php\/wp-json\/wp\/v2\/pages\/2151","targetHints":{"allow":["GET"]}}],"collection":[{"href":"https:\/\/isaotextile.com\/index.php\/wp-json\/wp\/v2\/pages"}],"about":[{"href":"https:\/\/isaotextile.com\/index.php\/wp-json\/wp\/v2\/types\/page"}],"author":[{"embeddable":true,"href":"https:\/\/isaotextile.com\/index.php\/wp-json\/wp\/v2\/users\/1"}],"replies":[{"embeddable":true,"href":"https:\/\/isaotextile.com\/index.php\/wp-json\/wp\/v2\/comments?post=2151"}],"version-history":[{"count":97,"href":"https:\/\/isaotextile.com\/index.php\/wp-json\/wp\/v2\/pages\/2151\/revisions"}],"predecessor-version":[{"id":2281,"href":"https:\/\/isaotextile.com\/index.php\/wp-json\/wp\/v2\/pages\/2151\/revisions\/2281"}],"wp:attachment":[{"href":"https:\/\/isaotextile.com\/index.php\/wp-json\/wp\/v2\/media?parent=2151"}],"curies":[{"name":"wp","href":"https:\/\/api.w.org\/{rel}","templated":true}]}}